{"id":41,"date":"2023-09-18T02:39:37","date_gmt":"2023-09-18T02:39:37","guid":{"rendered":"https:\/\/impac.upsi.edu.my\/?page_id=41"},"modified":"2023-12-08T08:37:16","modified_gmt":"2023-12-08T08:37:16","slug":"conference-programme","status":"publish","type":"page","link":"https:\/\/impac.upsi.edu.my\/2023\/?page_id=41","title":{"rendered":"PROGRAMME"},"content":{"rendered":"\t\t<div data-elementor-type=\"wp-page\" data-elementor-id=\"41\" class=\"elementor elementor-41\" data-elementor-post-type=\"page\">\n\t\t\t\t\t\t<section class=\"elementor-section elementor-top-section elementor-element elementor-element-f6fa2e7 elementor-section-boxed elementor-section-height-default elementor-section-height-default\" data-id=\"f6fa2e7\" data-element_type=\"section\" data-e-type=\"section\" data-settings=\"{&quot;background_background&quot;:&quot;classic&quot;}\">\n\t\t\t\t\t\t<div class=\"elementor-container elementor-column-gap-default\">\n\t\t\t\t\t<div class=\"elementor-column elementor-col-100 elementor-top-column elementor-element elementor-element-dd40846\" data-id=\"dd40846\" data-element_type=\"column\" data-e-type=\"column\">\n\t\t\t<div class=\"elementor-widget-wrap elementor-element-populated\">\n\t\t\t\t\t\t<div class=\"elementor-element elementor-element-b5156f3 elementor-widget-divider--view-line elementor-widget elementor-widget-divider\" data-id=\"b5156f3\" data-element_type=\"widget\" data-e-type=\"widget\" data-widget_type=\"divider.default\">\n\t\t\t\t<div class=\"elementor-widget-container\">\n\t\t\t\t\t\t\t<div class=\"elementor-divider\">\n\t\t\t<span class=\"elementor-divider-separator\">\n\t\t\t\t\t\t<\/span>\n\t\t<\/div>\n\t\t\t\t\t\t<\/div>\n\t\t\t\t<\/div>\n\t\t\t\t<div class=\"elementor-element elementor-element-ed086d0 elementor-headline--style-rotate elementor-widget elementor-widget-animated-headline\" data-id=\"ed086d0\" data-element_type=\"widget\" data-e-type=\"widget\" data-settings=\"{&quot;headline_style&quot;:&quot;rotate&quot;,&quot;animation_type&quot;:&quot;swirl&quot;,&quot;rotating_text&quot;:&quot;CONFERENCE PROGRAMME\\nCONFERENCE PROGRAMME\\nCONFERENCE PROGRAMME&quot;,&quot;loop&quot;:&quot;yes&quot;,&quot;rotate_iteration_delay&quot;:2500}\" data-widget_type=\"animated-headline.default\">\n\t\t\t\t<div class=\"elementor-widget-container\">\n\t\t\t\t\t\t\t<h3 class=\"elementor-headline elementor-headline-animation-type-swirl elementor-headline-letters\">\n\t\t\t\t<span class=\"elementor-headline-dynamic-wrapper elementor-headline-text-wrapper\">\n\t\t\t\t\t<span class=\"elementor-headline-dynamic-text elementor-headline-text-active\">\n\t\t\t\tCONFERENCE&nbsp;PROGRAMME\t\t\t<\/span>\n\t\t\t\t\t<span class=\"elementor-headline-dynamic-text\">\n\t\t\t\tCONFERENCE&nbsp;PROGRAMME\t\t\t<\/span>\n\t\t\t\t\t<span class=\"elementor-headline-dynamic-text\">\n\t\t\t\tCONFERENCE&nbsp;PROGRAMME\t\t\t<\/span>\n\t\t\t\t\t\t<\/span>\n\t\t\t\t<\/h3>\n\t\t\t\t\t\t<\/div>\n\t\t\t\t<\/div>\n\t\t\t\t<div class=\"elementor-element elementor-element-8791c1b elementor-widget-divider--view-line elementor-widget elementor-widget-divider\" data-id=\"8791c1b\" data-element_type=\"widget\" data-e-type=\"widget\" data-widget_type=\"divider.default\">\n\t\t\t\t<div class=\"elementor-widget-container\">\n\t\t\t\t\t\t\t<div class=\"elementor-divider\">\n\t\t\t<span class=\"elementor-divider-separator\">\n\t\t\t\t\t\t<\/span>\n\t\t<\/div>\n\t\t\t\t\t\t<\/div>\n\t\t\t\t<\/div>\n\t\t\t\t\t<\/div>\n\t\t<\/div>\n\t\t\t\t\t<\/div>\n\t\t<\/section>\n\t\t\t\t<section class=\"elementor-section elementor-top-section elementor-element elementor-element-6db7929 elementor-section-boxed elementor-section-height-default elementor-section-height-default\" data-id=\"6db7929\" data-element_type=\"section\" data-e-type=\"section\" data-settings=\"{&quot;background_background&quot;:&quot;classic&quot;}\">\n\t\t\t\t\t\t<div class=\"elementor-container elementor-column-gap-default\">\n\t\t\t\t\t<div class=\"elementor-column elementor-col-100 elementor-top-column elementor-element elementor-element-24fb671\" data-id=\"24fb671\" data-element_type=\"column\" data-e-type=\"column\">\n\t\t\t<div class=\"elementor-widget-wrap elementor-element-populated\">\n\t\t\t\t\t\t<div class=\"elementor-element elementor-element-30df3cd elementor-widget elementor-widget-text-editor\" data-id=\"30df3cd\" data-element_type=\"widget\" data-e-type=\"widget\" data-widget_type=\"text-editor.default\">\n\t\t\t\t<div class=\"elementor-widget-container\">\n\t\t\t\t\t\t\t\t\t<table width=\"652\"><tbody><tr><td colspan=\"2\" width=\"652\"><p><span style=\"color: #000000;\"><strong>\u00a0<\/strong><\/span><\/p><p><span style=\"color: #000000;\"><strong>TUESDAY, 12 DECEMBER 2023 (First Day)<\/strong><\/span><\/p><p><span style=\"color: #000000;\"><strong>\u00a0<\/strong><\/span><\/p><\/td><\/tr><tr><td width=\"132\"><p><span style=\"color: #000000;\">8:30 a.m.<\/span><\/p><\/td><td width=\"520\"><p><span style=\"color: #000000;\">OPENING OF THE CONFERENCE<\/span><\/p><p>\u00a0<\/p><p><span style=\"color: #000000;\"><strong><em>Professor Dato\u2019 Dr. Md Amin bin Md Taff<\/em><\/strong><\/span><\/p><p><span style=\"color: #000000;\"><strong><em>Vice Chancellor, Sultan Idris Education University<\/em><\/strong><\/span><\/p><p>\u00a0<\/p><p><span style=\"color: #000000;\"><strong><em>Associate Professor Dr. Muhammad Fazli Taib bin Saearani<\/em><\/strong><\/span><\/p><p><span style=\"color: #000000;\"><strong><em>Dean, Faculty of Music and Performing Arts, Sultan Idris Education University<\/em><\/strong><\/span><\/p><p>\u00a0<\/p><p><span style=\"color: #000000;\"><strong><em>Dr. Flory Ann Mansor Gingging<\/em><\/strong><\/span><\/p><p><span style=\"color: #000000;\"><strong><em>Chairperson, IMPAC2023<\/em><\/strong><\/span><\/p><p>\u00a0<\/p><\/td><\/tr><tr><td width=\"132\"><p><span style=\"color: #000000;\">9:00 a.m.<\/span><\/p><\/td><td width=\"520\"><p><span style=\"color: #000000;\">FIRST KEYNOTE ADDRESS<\/span><\/p><p>\u00a0<\/p><p><span style=\"color: #000000;\">\u201cTradition and Transformation: Harmonising Heritage and Modernity for the Sustainability of the Malaysian Traditional Performing Arts through the Popular Culture\u201d<\/span><\/p><p>\u00a0<\/p><p><span style=\"color: #000000;\"><strong><em>Professor Zaharul Lailiddin bin Saidon <\/em><\/strong><\/span><\/p><p><span style=\"color: #000000;\"><strong><em>Sultan Idris Education University<\/em><\/strong><\/span><\/p><p><span style=\"color: #000000;\"><strong><em>\u00a0<\/em><\/strong><\/span><\/p><p><span style=\"color: #000000;\">Moderator: Dr. Christine Augustine<\/span><\/p><p>\u00a0<\/p><\/td><\/tr><tr><td width=\"132\"><p><span style=\"color: #000000;\">10:00 a.m.<\/span><\/p><\/td><td width=\"520\"><p><span style=\"color: #000000;\">VIRTUAL PERFORMANCES<\/span><\/p><p>\u00a0<\/p><\/td><\/tr><tr><td width=\"132\"><p><span style=\"color: #000000;\">10:30 a.m.<\/span><\/p><\/td><td width=\"520\"><p><span style=\"color: #000000;\">\u201cPostcolonial Predicaments in Malaysian Theatre: The Work of Ghulam Sarwar Yousof, Krishen Jit, and Faridah Merican\u201d<\/span><\/p><p>\u00a0<\/p><p><span style=\"color: #000000;\"><strong><em>Distinguished Professor Emerita Dr. Kathy Foley<\/em><\/strong><\/span><\/p><p><span style=\"color: #000000;\"><strong><em>University of California Santa Cruz<\/em><\/strong><\/span><\/p><p><span style=\"color: #000000;\"><strong><em>Adjunct Professor (2023), Sultan Idris Education University<\/em><\/strong><\/span><\/p><p>\u00a0<\/p><p><span style=\"color: #000000;\">Moderator: Dr. Nor Shuradi bin Hj. Nor Hashim<\/span><\/p><p>\u00a0<\/p><\/td><\/tr><tr><td width=\"132\"><p><span style=\"color: #000000;\">11:30 a.m.<\/span><\/p><\/td><td width=\"520\"><p><span style=\"color: #000000;\">\u201cRitual Dance and Performance in Contemporary Borneo: Study of Kadazan and Bajau Communities of Sabah, Malaysia\u201d<\/span><\/p><p>\u00a0<\/p><p><span style=\"color: #000000;\"><strong><em>Professor Dr. Hanafi bin Hussin<\/em><\/strong><\/span><\/p><p><span style=\"color: #000000;\"><strong><em>University of Malaya<\/em><\/strong><\/span><\/p><p>\u00a0<\/p><p><span style=\"color: #000000;\">Moderator: Mr. Abdul Hamid bin Chan<\/span><\/p><p>\u00a0<\/p><\/td><\/tr><tr><td width=\"132\"><p><span style=\"color: #000000;\">12:30 p.m.<\/span><\/p><\/td><td width=\"520\"><p><span style=\"color: #000000;\">WORKSHOP 1: \u201cMendeley for Beginners\u201d<\/span><\/p><p>\u00a0<\/p><p><span style=\"color: #000000;\"><strong><em>Dr. Muhamad Hariz Bin Muhamad Adnan<\/em><\/strong><\/span><\/p><p><span style=\"color: #000000;\"><strong><em>Faculty of Computing and Meta-Technology <\/em><\/strong><\/span><\/p><p><span style=\"color: #000000;\"><strong><em>Sultan Idris Education University<\/em><\/strong><\/span><\/p><p>\u00a0<\/p><p><span style=\"color: #000000;\">Moderator: Ms. Nor Nabilatul Nisya binti Azani<\/span><\/p><p>\u00a0<\/p><\/td><\/tr><tr><td width=\"132\"><p><span style=\"color: #000000;\">2:00 p.m.<\/span><\/p><\/td><td width=\"520\"><p><span style=\"color: #000000;\">\u201cDeconstructing Prejudiced Narratives Through Participatory Musical Engagement\u201d<\/span><\/p><p>\u00a0<\/p><p><span style=\"color: #000000;\"><strong><em>Assistant Professor Dr. \u201cChi\u201d Suwichan Phatthanaphraiwan<\/em><\/strong><\/span><\/p><p><span style=\"color: #000000;\"><strong><em>Srinakharinwirot University, Thailand<\/em><\/strong><\/span><\/p><p>\u00a0<\/p><p><span style=\"color: #000000;\">Moderator: Associate Professor Dr. Mohd Nizam bin Nasrifan<\/span><\/p><p>\u00a0<\/p><\/td><\/tr><tr><td width=\"132\"><p><span style=\"color: #000000;\">3:00 p.m.<\/span><\/p><\/td><td width=\"520\"><p><span style=\"color: #000000;\">\u201c<em>Ronggeng Singapura<\/em>: Early Stages of Dance Revivalism and Activism\u201d<\/span><\/p><p>\u00a0<\/p><p><span style=\"color: #000000;\"><strong><em>Dr. Noramin Farid<\/em><\/strong><\/span><\/p><p><span style=\"color: #000000;\"><strong><em>University of the Arts Singapore<\/em><\/strong><\/span><\/p><p><span style=\"color: #000000;\"><strong><em>\u00a0<\/em><\/strong><\/span><\/p><p><span style=\"color: #000000;\">Moderator: Mr. Hafzan Zannie Hamza<\/span><\/p><p>\u00a0<\/p><\/td><\/tr><tr><td width=\"132\"><p><span style=\"color: #000000;\">4:00 p.m.<\/span><\/p><\/td><td width=\"520\"><p><span style=\"color: #000000;\"><em>\u201c<\/em>Zhao Si Anak Yatim (The Orphan of Zhao): A Contemporary <em>Bangsawan <\/em>Performance Structure\u201d<\/span><\/p><p>\u00a0<\/p><p><span style=\"color: #000000;\"><strong><em>Dr. Marlenny Deenerwan<\/em><\/strong><\/span><\/p><p><span style=\"color: #000000;\"><strong><em>University of Malaya<\/em><\/strong><\/span><\/p><p>\u00a0<\/p><p><span style=\"color: #000000;\">Moderator: Mr. Amsalib bin Pisali<\/span><\/p><p>\u00a0<\/p><\/td><\/tr><tr><td width=\"132\"><p><span style=\"color: #000000;\">5:00 p.m.<\/span><\/p><\/td><td width=\"520\"><p><span style=\"color: #000000;\">ADJOURNMENT<\/span><\/p><p>\u00a0<\/p><\/td><\/tr><\/tbody><\/table>\t\t\t\t\t\t\t\t<\/div>\n\t\t\t\t<\/div>\n\t\t\t\t\t<\/div>\n\t\t<\/div>\n\t\t\t\t\t<\/div>\n\t\t<\/section>\n\t\t\t\t<section class=\"elementor-section elementor-top-section elementor-element elementor-element-05ca6cb elementor-section-boxed elementor-section-height-default elementor-section-height-default\" data-id=\"05ca6cb\" data-element_type=\"section\" data-e-type=\"section\" data-settings=\"{&quot;background_background&quot;:&quot;classic&quot;}\">\n\t\t\t\t\t\t<div class=\"elementor-container elementor-column-gap-default\">\n\t\t\t\t\t<div class=\"elementor-column elementor-col-100 elementor-top-column elementor-element elementor-element-b1bc191\" data-id=\"b1bc191\" data-element_type=\"column\" data-e-type=\"column\">\n\t\t\t<div class=\"elementor-widget-wrap elementor-element-populated\">\n\t\t\t\t\t\t<div class=\"elementor-element elementor-element-f4be451 elementor-widget elementor-widget-text-editor\" data-id=\"f4be451\" data-element_type=\"widget\" data-e-type=\"widget\" data-widget_type=\"text-editor.default\">\n\t\t\t\t<div class=\"elementor-widget-container\">\n\t\t\t\t\t\t\t\t\t<table width=\"652\"><tbody><tr><td colspan=\"2\" width=\"652\"><p><span style=\"color: #000000;\"><strong>\u00a0<\/strong><\/span><\/p><p><span style=\"color: #000000;\"><strong>WEDNESDAY, 13 DECEMBER 2023 (Second Day)<\/strong><\/span><\/p><p><span style=\"color: #000000;\"><strong>\u00a0<\/strong><\/span><\/p><\/td><\/tr><tr><td width=\"132\"><p>\u00a0<\/p><p><span style=\"color: #000000;\">9:00 a.m.<\/span><\/p><\/td><td width=\"520\"><p>\u00a0<\/p><p><span style=\"color: #000000;\">SECOND KEYNOTE ADDRESS<\/span><\/p><p>\u00a0<\/p><p><span style=\"color: #000000;\">\u201cYogyakarta Dance Tradition: The Challenges of Shared Heritage\u201d<\/span><\/p><p>\u00a0<\/p><p><span style=\"color: #000000;\"><strong><em>Associate Professor Dr. R.M. Pramutomo<\/em><\/strong><\/span><\/p><p><span style=\"color: #000000;\"><strong><em>Indonesia Arts Institute Surakarta<\/em><\/strong><\/span><\/p><p><span style=\"color: #000000;\"><strong><em>\u00a0<\/em><\/strong><\/span><\/p><p><span style=\"color: #000000;\">Moderator: Associate Professor Dr. Muhammad Fazli Taib bin Saearani<\/span><\/p><p>\u00a0<\/p><\/td><\/tr><tr><td width=\"132\"><p>\u00a0<\/p><p><span style=\"color: #000000;\">10:00 a.m.<\/span><\/p><\/td><td width=\"520\"><p>\u00a0<\/p><p><span style=\"color: #000000;\">VIRTUAL PERFORMANCES<\/span><\/p><p>\u00a0<\/p><\/td><\/tr><tr><td width=\"132\"><p>\u00a0<\/p><p><span style=\"color: #000000;\">10:30 a.m.<\/span><\/p><p>\u00a0<\/p><p>\u00a0<\/p><p>\u00a0<\/p><p>\u00a0<\/p><p>\u00a0<\/p><\/td><td width=\"520\"><p>\u00a0<\/p><p><span style=\"color: #000000;\">\u201c<em>Sanggar<\/em>: A Contemporary Platform for the Evolving Tradition of Balinese <em>Gender Wayang<\/em>\u201d<\/span><\/p><p>\u00a0<\/p><p><span style=\"color: #000000;\"><strong><em>Dr. Ako Mashino <\/em><\/strong><\/span><\/p><p><span style=\"color: #000000;\"><strong><em>Tokyo University of the Arts<\/em><\/strong><\/span><\/p><p>\u00a0<\/p><p><span style=\"color: #000000;\">Moderator: Dr. Colleen Wong Huey Yi<\/span><\/p><\/td><\/tr><tr><td width=\"132\"><p>\u00a0<\/p><p><span style=\"color: #000000;\">11:30 a.m.<\/span><\/p><\/td><td width=\"520\"><p>\u00a0<\/p><p><span style=\"color: #000000;\">\u201cExperimental Theatre and the Way Forward: Mapping Current Trends in Modern Malay Theatre\u201d<\/span><\/p><p>\u00a0<\/p><p><span style=\"color: #000000;\"><strong><em>Dr. Mas Rynna Wati Ahmad<\/em><\/strong><\/span><\/p><p><span style=\"color: #000000;\"><strong><em>National University of Malaysia<\/em><\/strong><\/span><\/p><p><span style=\"color: #000000;\"><strong><em>\u00a0<\/em><\/strong><\/span><\/p><p><span style=\"color: #000000;\">Moderator: Dr. Lena Farida binti Hussain Chin<\/span><\/p><p>\u00a0<\/p><\/td><\/tr><tr><td width=\"132\"><p>\u00a0<\/p><p><span style=\"color: #000000;\">12:30 p.m.<\/span><\/p><\/td><td width=\"520\"><p>\u00a0<\/p><p><span style=\"color: #000000;\">WORKSHOP 2: \u201cPublishing in Malaysian Journal of Music (Scopus- Indexed)\u201d<\/span><\/p><p>\u00a0<\/p><p><span style=\"color: #000000;\"><strong><em>Dr. Christine Augustine<\/em><\/strong><\/span><\/p><p><span style=\"color: #000000;\"><strong><em>Chief Editor, Malaysian Journal of Music (MJM)<\/em><\/strong><\/span><\/p><p><span style=\"color: #000000;\"><strong><em>Sultan Idris Education University<\/em><\/strong><\/span><\/p><p>\u00a0<\/p><p><span style=\"color: #000000;\">Moderator: Ms. Li Yun Ke<\/span><\/p><p>\u00a0<\/p><\/td><\/tr><tr><td width=\"132\"><p>\u00a0<\/p><p><span style=\"color: #000000;\">2:00 p.m.<\/span><\/p><\/td><td width=\"520\"><p>\u00a0<\/p><p><span style=\"color: #000000;\">\u201c\u2018Theatre is a White Invention?\u2019: Politics, Polemics and Transition of Theatres\u201d<\/span><\/p><p>\u00a0<\/p><p><span style=\"color: #000000;\"><strong><em>Associate Professor Dr. \u00d6nder \u00c7ak\u0131rta\u015f<\/em><\/strong><\/span><\/p><p><span style=\"color: #000000;\"><strong><em>Bing\u00f6l University, T\u00fcrkiye<\/em><\/strong><\/span><\/p><p>\u00a0<\/p><p><span style=\"color: #000000;\">Moderator: Dr. Abdul Rahman bin Safian<\/span><\/p><p>\u00a0<\/p><\/td><\/tr><tr><td width=\"132\"><p>\u00a0<\/p><p><span style=\"color: #000000;\">3:00 p.m.<\/span><\/p><\/td><td width=\"520\"><p>\u00a0<\/p><p><span style=\"color: #000000;\">\u201cNigeria to the World and Back: A Cosmolocal Study of Nasarawa State Dance Performances at International Festivals\u201d<\/span><\/p><p>\u00a0<\/p><p><span style=\"color: #000000;\"><strong><em>Dr. \u2018Tosin Kooshima Tume<\/em><\/strong><\/span><\/p><p><span style=\"color: #000000;\"><strong><em>Federal University Oye-Ekiti (FUOYE), Nigeria<\/em><\/strong><\/span><\/p><p><span style=\"color: #000000;\"><strong><em>Rhodes University, South Africa <\/em><\/strong><\/span><\/p><p>\u00a0<\/p><p><span style=\"color: #000000;\">Moderator: Dr. Chiu Ming Ying<\/span><\/p><p>\u00a0<\/p><\/td><\/tr><tr><td width=\"132\"><p>\u00a0<\/p><p><span style=\"color: #000000;\">4:00 p.m.<\/span><\/p><\/td><td width=\"520\"><p><span style=\"color: #000000;\"><strong>\u00a0<\/strong><\/span><\/p><p><span style=\"color: #000000;\">\u201c<em>Titih Hala<\/em>: Exploring Human-Tiger Entanglements in Malay Theatre, Ritual, Song, and Film\u201d<\/span><\/p><p><span style=\"color: #000000;\"><strong><em>\u00a0<\/em><\/strong><\/span><\/p><p><span style=\"color: #000000;\"><strong><em>Dr. Patricia Ann Hardwick<\/em><\/strong><\/span><\/p><p><span style=\"color: #000000;\"><strong><em>Sultan Idris Education University<br \/><br \/><\/em><\/strong>Moderator: Dr. Muchammad Bayu Tejo Sampurno<\/span><\/p><p><span style=\"color: #000000;\"><strong>\u00a0<\/strong><\/span><\/p><\/td><\/tr><tr><td width=\"132\"><p>\u00a0<\/p><p><span style=\"color: #000000;\">5:00 p.m.<\/span><\/p><p>\u00a0<\/p><\/td><td width=\"520\"><p>\u00a0<\/p><p><span style=\"color: #000000;\">ADJOURNMENT<\/span><\/p><\/td><\/tr><\/tbody><\/table>\t\t\t\t\t\t\t\t<\/div>\n\t\t\t\t<\/div>\n\t\t\t\t\t<\/div>\n\t\t<\/div>\n\t\t\t\t\t<\/div>\n\t\t<\/section>\n\t\t\t\t<section class=\"elementor-section elementor-top-section elementor-element elementor-element-d52b4be elementor-section-boxed elementor-section-height-default elementor-section-height-default\" data-id=\"d52b4be\" data-element_type=\"section\" data-e-type=\"section\" data-settings=\"{&quot;background_background&quot;:&quot;classic&quot;}\">\n\t\t\t\t\t\t<div class=\"elementor-container elementor-column-gap-default\">\n\t\t\t\t\t<div class=\"elementor-column elementor-col-100 elementor-top-column elementor-element elementor-element-8df71da\" data-id=\"8df71da\" data-element_type=\"column\" data-e-type=\"column\">\n\t\t\t<div class=\"elementor-widget-wrap elementor-element-populated\">\n\t\t\t\t\t\t<div class=\"elementor-element elementor-element-2b8a773 elementor-widget elementor-widget-text-editor\" data-id=\"2b8a773\" data-element_type=\"widget\" data-e-type=\"widget\" data-widget_type=\"text-editor.default\">\n\t\t\t\t<div class=\"elementor-widget-container\">\n\t\t\t\t\t\t\t\t\t<table width=\"652\"><tbody><tr><td colspan=\"2\" width=\"652\"><p><span style=\"color: #000000;\"><strong>\u00a0<\/strong><\/span><\/p><p><span style=\"color: #000000;\"><strong>THURSDAY, 14 DECEMBER 2023 (Third Day)<\/strong><\/span><\/p><p><span style=\"color: #000000;\"><strong>\u00a0<\/strong><\/span><\/p><\/td><\/tr><tr><td width=\"132\"><p>\u00a0<\/p><p><span style=\"color: #000000;\">9:00 a.m.<\/span><\/p><\/td><td width=\"520\"><p>\u00a0<\/p><p><span style=\"color: #000000;\">\u201cSoundscapes in Selected Tang Poetries and Song Lyrics\u201d<\/span><\/p><p>\u00a0<\/p><p><span style=\"color: #000000;\"><strong><em>Associate Professor Dr. Lanlan Kuang<\/em><\/strong><\/span><\/p><p><span style=\"color: #000000;\"><strong><em>University of Central Florida<\/em><\/strong><\/span><\/p><p>\u00a0<\/p><p><span style=\"color: #000000;\">Moderator: Dr. Yap Jin Hin<\/span><\/p><p>\u00a0<\/p><\/td><\/tr><tr><td width=\"132\"><p>\u00a0<\/p><p><span style=\"color: #000000;\">10:00 a.m.<\/span><\/p><\/td><td width=\"520\"><p><span style=\"text-decoration: line-through; color: #000000;\">\u00a0<\/span><\/p><p><span style=\"color: #000000;\">WORKSHOP 3: \u201cMastering Scopus: Navigating Academic Journals\u201d<\/span><\/p><p>\u00a0<\/p><p><span style=\"color: #000000;\"><strong><em>Mr. Nurul Kashfi bin Subri<\/em><\/strong><\/span><\/p><p><span style=\"color: #000000;\"><strong><em>Librarian, Tuanku Bainun Library<\/em><\/strong><\/span><\/p><p><span style=\"color: #000000;\"><strong><em>Sultan Idris Education University<\/em><\/strong><\/span><\/p><p><span style=\"color: #000000;\"><strong><em>\u00a0<\/em><\/strong><\/span><\/p><p><span style=\"color: #000000;\">Moderator: Ms. Siti Nornatasha Abdul Aziz<\/span><\/p><p>\u00a0<\/p><\/td><\/tr><tr><td width=\"132\"><p>\u00a0<\/p><p><span style=\"color: #000000;\">11:00 a.m.<\/span><\/p><\/td><td width=\"520\"><p>\u00a0<\/p><p><span style=\"color: #000000;\">\u201cThree Categories of Intangible Cultural Heritage and Three Degrees of Importance: The Case of the Sama-Bajau <em>Igal<\/em> Dance Tradition of Tawi-Tawi Province, Philippines\u201d<\/span><\/p><p>\u00a0<\/p><p><span style=\"color: #000000;\"><strong><em>Professor Dr. Matthew C. M. (MCM) Santamaria<\/em><\/strong><\/span><\/p><p><span style=\"color: #000000;\"><strong><em>University of the Philippines, Diliman<\/em><\/strong><\/span><\/p><p><span style=\"color: #000000;\"><strong><em>\u00a0<\/em><\/strong><\/span><\/p><p><span style=\"color: #000000;\">Moderator: Mr. Mohd Fauzi bin Amirudin<\/span><\/p><p>\u00a0<\/p><\/td><\/tr><tr><td width=\"132\"><p>\u00a0<\/p><p><span style=\"color: #000000;\">12:00 p.m.<\/span><\/p><p>\u00a0<\/p><\/td><td width=\"520\"><p>\u00a0<\/p><p><span style=\"color: #000000;\">\u201cEmbodying What?: Displays of American Filipino In-between-ness\u201d<\/span><\/p><p>\u00a0<\/p><p><span style=\"color: #000000;\"><strong><em>Dr. Desiree A. Quintero<\/em><\/strong><\/span><\/p><p><span style=\"color: #000000;\"><strong><em>Leeward Community College, University of Hawai\u2019i<\/em><\/strong><\/span><\/p><p><span style=\"color: #000000;\"><strong>\u00a0<\/strong><\/span><\/p><p><span style=\"color: #000000;\">Moderator: Dr. Nurulakmal binti Abdul Wahid<\/span><\/p><p>\u00a0<\/p><\/td><\/tr><tr><td width=\"132\"><p>\u00a0<\/p><p><span style=\"color: #000000;\">1:00 p.m. &#8211; 1:15 pm<\/span><\/p><\/td><td width=\"520\"><p>\u00a0<\/p><p><span style=\"color: #000000;\">CLOSING OF THE CONFERENCE<\/span><\/p><p>\u00a0<\/p><p><span style=\"color: #000000;\"><strong><em>Mr. Hafzan Zannie Hamza<\/em><\/strong><\/span><\/p><p><span style=\"color: #000000;\"><strong><em>Co-Chairperson, IMPAC2023<\/em><\/strong><\/span><\/p><p>\u00a0<\/p><\/td><\/tr><\/tbody><\/table>\t\t\t\t\t\t\t\t<\/div>\n\t\t\t\t<\/div>\n\t\t\t\t\t<\/div>\n\t\t<\/div>\n\t\t\t\t\t<\/div>\n\t\t<\/section>\n\t\t\t\t<\/div>\n\t\t","protected":false},"excerpt":{"rendered":"<p>CONFERENCE&nbsp;PROGRAMME CONFERENCE&nbsp;PROGRAMME CONFERENCE&nbsp;PROGRAMME \u00a0 TUESDAY, 12 DECEMBER 2023 (First Day) \u00a0 8:30 a.m. OPENING OF THE CONFERENCE \u00a0 Professor Dato\u2019 Dr. Md Amin bin Md Taff Vice Chancellor, Sultan Idris Education University \u00a0 Associate Professor Dr. Muhammad Fazli Taib bin&#8230;<br \/><a class=\"read-more-button\" href=\"https:\/\/impac.upsi.edu.my\/2023\/?page_id=41\">Read more<\/a><\/p>\n","protected":false},"author":1,"featured_media":0,"parent":0,"menu_order":0,"comment_status":"closed","ping_status":"closed","template":"template-full-width-without-title.php","meta":{"footnotes":""},"class_list":["post-41","page","type-page","status-publish","hentry"],"_links":{"self":[{"href":"https:\/\/impac.upsi.edu.my\/2023\/index.php?rest_route=\/wp\/v2\/pages\/41","targetHints":{"allow":["GET"]}}],"collection":[{"href":"https:\/\/impac.upsi.edu.my\/2023\/index.php?rest_route=\/wp\/v2\/pages"}],"about":[{"href":"https:\/\/impac.upsi.edu.my\/2023\/index.php?rest_route=\/wp\/v2\/types\/page"}],"author":[{"embeddable":true,"href":"https:\/\/impac.upsi.edu.my\/2023\/index.php?rest_route=\/wp\/v2\/users\/1"}],"replies":[{"embeddable":true,"href":"https:\/\/impac.upsi.edu.my\/2023\/index.php?rest_route=%2Fwp%2Fv2%2Fcomments&post=41"}],"version-history":[{"count":20,"href":"https:\/\/impac.upsi.edu.my\/2023\/index.php?rest_route=\/wp\/v2\/pages\/41\/revisions"}],"predecessor-version":[{"id":637,"href":"https:\/\/impac.upsi.edu.my\/2023\/index.php?rest_route=\/wp\/v2\/pages\/41\/revisions\/637"}],"wp:attachment":[{"href":"https:\/\/impac.upsi.edu.my\/2023\/index.php?rest_route=%2Fwp%2Fv2%2Fmedia&parent=41"}],"curies":[{"name":"wp","href":"https:\/\/api.w.org\/{rel}","templated":true}]}}